{"id":4776,"date":"2018-11-30T20:09:00","date_gmt":"2018-11-01T20:09:00","guid":{"rendered":"http:\/\/montreal-stencil.arkhame-web.com\/produit\/plaque-daluminium-anodise\/"},"modified":"2025-11-05T18:55:17","modified_gmt":"2025-11-05T18:55:17","slug":"plaque-daluminium-anodise","status":"publish","type":"product","link":"https:\/\/staging.montrealstencil.com\/en\/product\/plaque-daluminium-anodise\/","title":{"rendered":"PERMANENT PROCESS ANODISED ALUMINUM"},"content":{"rendered":"","protected":false},"excerpt":{"rendered":"<p>Another process for subsurface printing in anodised aluminum. Using a silk screening process the ink is deposited into the metal and the metal is sealed afterwards. Available in .020\u201d, .032\u201d and .063\u201d thicknesses (other thicknesses may be specially ordered). Permanent process plates can be machined and fabricated. It is an excellent choice for medium to large volumes or where solid colours other than black are required. Used in interior applications Permanent Process has outstanding protection against chemicals, solvents, salt and degreasers.<\/p>\n","protected":false},"featured_media":4680,"template":"","meta":{"_acf_changed":false},"product_cat":[264],"product_mat":[312],"class_list":["post-4776","product","type-product","status-publish","has-post-thumbnail","hentry","product_cat-control-plates","product_mat-aluminum-en"],"acf":[],"yoast_head":"<!-- This site is optimized with the Yoast SEO plugin v27.4 - https:\/\/yoast.com\/product\/yoast-seo-wordpress\/ -->\n<title>PERMANENT PROCESS ANODISED ALUMINUM - Montreal Stencil<\/title>\n<meta name=\"description\" content=\"Choose durable and vibrant anodized aluminum from Montreal Stencil. Permanent process for long-lasting and visually striking results.\" \/>\n<meta name=\"robots\" content=\"index, follow, max-snippet:-1, max-image-preview:large, max-video-preview:-1\" \/>\n<link rel=\"canonical\" href=\"https:\/\/staging.montrealstencil.com\/en\/product\/plaque-daluminium-anodise\/\" \/>\n<meta property=\"og:locale\" content=\"en_US\" \/>\n<meta property=\"og:type\" content=\"article\" \/>\n<meta property=\"og:title\" content=\"PERMANENT PROCESS ANODISED ALUMINUM - Montreal Stencil\" \/>\n<meta property=\"og:description\" content=\"Choose durable and vibrant anodized aluminum from Montreal Stencil. Permanent process for long-lasting and visually striking results.\" \/>\n<meta property=\"og:url\" content=\"https:\/\/staging.montrealstencil.com\/en\/product\/plaque-daluminium-anodise\/\" \/>\n<meta property=\"og:site_name\" content=\"Montreal Stencil\" \/>\n<meta property=\"article:publisher\" content=\"https:\/\/www.facebook.com\/montrealstencil\" \/>\n<meta property=\"article:modified_time\" content=\"2025-11-05T18:55:17+00:00\" \/>\n<meta property=\"og:image\" content=\"https:\/\/staging.montrealstencil.com\/wp-content\/uploads\/2018\/11\/permanent-process-aluminum-nameplate-2.jpg\" \/>\n\t<meta property=\"og:image:width\" content=\"520\" \/>\n\t<meta property=\"og:image:height\" content=\"355\" \/>\n\t<meta property=\"og:image:type\" content=\"image\/jpeg\" \/>\n<meta name=\"twitter:card\" content=\"summary_large_image\" \/>\n<meta name=\"twitter:label1\" content=\"Est. reading time\" \/>\n\t<meta name=\"twitter:data1\" content=\"1 minute\" \/>\n<script type=\"application\/ld+json\" class=\"yoast-schema-graph\">{\"@context\":\"https:\\\/\\\/schema.org\",\"@graph\":[{\"@type\":\"WebPage\",\"@id\":\"https:\\\/\\\/staging.montrealstencil.com\\\/en\\\/product\\\/plaque-daluminium-anodise\\\/\",\"url\":\"https:\\\/\\\/staging.montrealstencil.com\\\/en\\\/product\\\/plaque-daluminium-anodise\\\/\",\"name\":\"PERMANENT PROCESS ANODISED ALUMINUM - Montreal Stencil\",\"isPartOf\":{\"@id\":\"https:\\\/\\\/staging.montrealstencil.com\\\/#website\"},\"primaryImageOfPage\":{\"@id\":\"https:\\\/\\\/staging.montrealstencil.com\\\/en\\\/product\\\/plaque-daluminium-anodise\\\/#primaryimage\"},\"image\":{\"@id\":\"https:\\\/\\\/staging.montrealstencil.com\\\/en\\\/product\\\/plaque-daluminium-anodise\\\/#primaryimage\"},\"thumbnailUrl\":\"https:\\\/\\\/staging.montrealstencil.com\\\/wp-content\\\/uploads\\\/2018\\\/11\\\/permanent-process-aluminum-nameplate-2.jpg\",\"datePublished\":\"2018-11-01T20:09:00+00:00\",\"dateModified\":\"2025-11-05T18:55:17+00:00\",\"description\":\"Choose durable and vibrant anodized aluminum from Montreal Stencil. Permanent process for long-lasting and visually striking results.\",\"breadcrumb\":{\"@id\":\"https:\\\/\\\/staging.montrealstencil.com\\\/en\\\/product\\\/plaque-daluminium-anodise\\\/#breadcrumb\"},\"inLanguage\":\"en-CA\",\"potentialAction\":[{\"@type\":\"ReadAction\",\"target\":[\"https:\\\/\\\/staging.montrealstencil.com\\\/en\\\/product\\\/plaque-daluminium-anodise\\\/\"]}]},{\"@type\":\"ImageObject\",\"inLanguage\":\"en-CA\",\"@id\":\"https:\\\/\\\/staging.montrealstencil.com\\\/en\\\/product\\\/plaque-daluminium-anodise\\\/#primaryimage\",\"url\":\"https:\\\/\\\/staging.montrealstencil.com\\\/wp-content\\\/uploads\\\/2018\\\/11\\\/permanent-process-aluminum-nameplate-2.jpg\",\"contentUrl\":\"https:\\\/\\\/staging.montrealstencil.com\\\/wp-content\\\/uploads\\\/2018\\\/11\\\/permanent-process-aluminum-nameplate-2.jpg\",\"width\":520,\"height\":355},{\"@type\":\"BreadcrumbList\",\"@id\":\"https:\\\/\\\/staging.montrealstencil.com\\\/en\\\/product\\\/plaque-daluminium-anodise\\\/#breadcrumb\",\"itemListElement\":[{\"@type\":\"ListItem\",\"position\":1,\"name\":\"Home\",\"item\":\"https:\\\/\\\/staging.montrealstencil.com\\\/en\\\/\"},{\"@type\":\"ListItem\",\"position\":2,\"name\":\"Produits\",\"item\":\"https:\\\/\\\/staging.montrealstencil.com\\\/boutique\\\/\"},{\"@type\":\"ListItem\",\"position\":3,\"name\":\"PERMANENT PROCESS ANODISED ALUMINUM\"}]},{\"@type\":\"WebSite\",\"@id\":\"https:\\\/\\\/staging.montrealstencil.com\\\/#website\",\"url\":\"https:\\\/\\\/staging.montrealstencil.com\\\/\",\"name\":\"Montreal Stencil\",\"description\":\"\u00c9tampes, plaques, pochoirs stencils et \u00e9tiquettes personnalis\u00e9es \u00e0 Montr\u00e9al\",\"potentialAction\":[{\"@type\":\"SearchAction\",\"target\":{\"@type\":\"EntryPoint\",\"urlTemplate\":\"https:\\\/\\\/staging.montrealstencil.com\\\/?s={search_term_string}\"},\"query-input\":{\"@type\":\"PropertyValueSpecification\",\"valueRequired\":true,\"valueName\":\"search_term_string\"}}],\"inLanguage\":\"en-CA\"}]}<\/script>\n<!-- \/ Yoast SEO plugin. -->","yoast_head_json":{"title":"PERMANENT PROCESS ANODISED ALUMINUM - Montreal Stencil","description":"Choose durable and vibrant anodized aluminum from Montreal Stencil. Permanent process for long-lasting and visually striking results.","robots":{"index":"index","follow":"follow","max-snippet":"max-snippet:-1","max-image-preview":"max-image-preview:large","max-video-preview":"max-video-preview:-1"},"canonical":"https:\/\/staging.montrealstencil.com\/en\/product\/plaque-daluminium-anodise\/","og_locale":"en_US","og_type":"article","og_title":"PERMANENT PROCESS ANODISED ALUMINUM - Montreal Stencil","og_description":"Choose durable and vibrant anodized aluminum from Montreal Stencil. Permanent process for long-lasting and visually striking results.","og_url":"https:\/\/staging.montrealstencil.com\/en\/product\/plaque-daluminium-anodise\/","og_site_name":"Montreal Stencil","article_publisher":"https:\/\/www.facebook.com\/montrealstencil","article_modified_time":"2025-11-05T18:55:17+00:00","og_image":[{"width":520,"height":355,"url":"https:\/\/staging.montrealstencil.com\/wp-content\/uploads\/2018\/11\/permanent-process-aluminum-nameplate-2.jpg","type":"image\/jpeg"}],"twitter_card":"summary_large_image","twitter_misc":{"Est. reading time":"1 minute"},"schema":{"@context":"https:\/\/schema.org","@graph":[{"@type":"WebPage","@id":"https:\/\/staging.montrealstencil.com\/en\/product\/plaque-daluminium-anodise\/","url":"https:\/\/staging.montrealstencil.com\/en\/product\/plaque-daluminium-anodise\/","name":"PERMANENT PROCESS ANODISED ALUMINUM - Montreal Stencil","isPartOf":{"@id":"https:\/\/staging.montrealstencil.com\/#website"},"primaryImageOfPage":{"@id":"https:\/\/staging.montrealstencil.com\/en\/product\/plaque-daluminium-anodise\/#primaryimage"},"image":{"@id":"https:\/\/staging.montrealstencil.com\/en\/product\/plaque-daluminium-anodise\/#primaryimage"},"thumbnailUrl":"https:\/\/staging.montrealstencil.com\/wp-content\/uploads\/2018\/11\/permanent-process-aluminum-nameplate-2.jpg","datePublished":"2018-11-01T20:09:00+00:00","dateModified":"2025-11-05T18:55:17+00:00","description":"Choose durable and vibrant anodized aluminum from Montreal Stencil. Permanent process for long-lasting and visually striking results.","breadcrumb":{"@id":"https:\/\/staging.montrealstencil.com\/en\/product\/plaque-daluminium-anodise\/#breadcrumb"},"inLanguage":"en-CA","potentialAction":[{"@type":"ReadAction","target":["https:\/\/staging.montrealstencil.com\/en\/product\/plaque-daluminium-anodise\/"]}]},{"@type":"ImageObject","inLanguage":"en-CA","@id":"https:\/\/staging.montrealstencil.com\/en\/product\/plaque-daluminium-anodise\/#primaryimage","url":"https:\/\/staging.montrealstencil.com\/wp-content\/uploads\/2018\/11\/permanent-process-aluminum-nameplate-2.jpg","contentUrl":"https:\/\/staging.montrealstencil.com\/wp-content\/uploads\/2018\/11\/permanent-process-aluminum-nameplate-2.jpg","width":520,"height":355},{"@type":"BreadcrumbList","@id":"https:\/\/staging.montrealstencil.com\/en\/product\/plaque-daluminium-anodise\/#breadcrumb","itemListElement":[{"@type":"ListItem","position":1,"name":"Home","item":"https:\/\/staging.montrealstencil.com\/en\/"},{"@type":"ListItem","position":2,"name":"Produits","item":"https:\/\/staging.montrealstencil.com\/boutique\/"},{"@type":"ListItem","position":3,"name":"PERMANENT PROCESS ANODISED ALUMINUM"}]},{"@type":"WebSite","@id":"https:\/\/staging.montrealstencil.com\/#website","url":"https:\/\/staging.montrealstencil.com\/","name":"Montreal Stencil","description":"\u00c9tampes, plaques, pochoirs stencils et \u00e9tiquettes personnalis\u00e9es \u00e0 Montr\u00e9al","potentialAction":[{"@type":"SearchAction","target":{"@type":"EntryPoint","urlTemplate":"https:\/\/staging.montrealstencil.com\/?s={search_term_string}"},"query-input":{"@type":"PropertyValueSpecification","valueRequired":true,"valueName":"search_term_string"}}],"inLanguage":"en-CA"}]}},"_links":{"self":[{"href":"https:\/\/staging.montrealstencil.com\/en\/wp-json\/wp\/v2\/product\/4776","targetHints":{"allow":["GET"]}}],"collection":[{"href":"https:\/\/staging.montrealstencil.com\/en\/wp-json\/wp\/v2\/product"}],"about":[{"href":"https:\/\/staging.montrealstencil.com\/en\/wp-json\/wp\/v2\/types\/product"}],"wp:featuredmedia":[{"embeddable":true,"href":"https:\/\/staging.montrealstencil.com\/en\/wp-json\/wp\/v2\/media\/4680"}],"wp:attachment":[{"href":"https:\/\/staging.montrealstencil.com\/en\/wp-json\/wp\/v2\/media?parent=4776"}],"wp:term":[{"taxonomy":"product_cat","embeddable":true,"href":"https:\/\/staging.montrealstencil.com\/en\/wp-json\/wp\/v2\/product_cat?post=4776"},{"taxonomy":"product_mat","embeddable":true,"href":"https:\/\/staging.montrealstencil.com\/en\/wp-json\/wp\/v2\/product_mat?post=4776"}],"curies":[{"name":"wp","href":"https:\/\/api.w.org\/{rel}","templated":true}]}}