{"id":4767,"date":"2018-11-27T18:49:15","date_gmt":"2018-11-01T18:49:15","guid":{"rendered":"http:\/\/montreal-stencil.arkhame-web.com\/produit\/panneaux-coroplast\/"},"modified":"2025-11-05T18:42:47","modified_gmt":"2025-11-05T18:42:47","slug":"panneaux-coroplast","status":"publish","type":"product","link":"https:\/\/staging.montrealstencil.com\/en\/product\/panneaux-coroplast\/","title":{"rendered":"COROPLAST SIGNS"},"content":{"rendered":"","protected":false},"excerpt":{"rendered":"<p>Coroplast is a corrugated cardboard ideal for indoor and outdoor graphic applications. Tougher than corrugated fiberboard, lighter than solid extruded plastic, waterproof, weather resistant and stain resistant, Coroplast is the material of choice for short term signs or general use signage. It is commonly seen being used as outdoor signs at gas stations and for real estate agent\u2019s \u201cFor Sale\u201d signs. Montreal Stencil can apply cut vinyl or digitally print graphics to Coroplast signs up to 48\u201d x 96\u201d. Vinyl and digital printing are ideal for small quantities or where the graphic image or message varies on each sign. Montreal Stencil can also screen print onto Coroplast when multiples of the same sign are needed. We offer different methods for mounting or hanging Coroplast signs. We can put holes with grommets in the corners so the sign can be tie-wrapped to chain link fences. Adhesive tape or Velcro can be applied. We also offer \u201cStep Stakes\u201d so that the signs can be supported by a wire post that gets inserted into grass.<\/p>\n<p class=\"button-top-command\"><a class=\"command-button popmake-4097\" href=\"#\">REQUEST AN ESTIMATE<\/a><\/p>\n","protected":false},"featured_media":4539,"template":"","meta":{"_acf_changed":false},"product_cat":[260],"product_mat":[315],"class_list":["post-4767","product","type-product","status-publish","has-post-thumbnail","hentry","product_cat-display-signage","product_mat-coroplast-en"],"acf":[],"yoast_head":"<!-- This site is optimized with the Yoast SEO plugin v27.4 - https:\/\/yoast.com\/product\/yoast-seo-wordpress\/ -->\n<title>COROPLAST SIGNS - Montreal Stencil<\/title>\n<meta name=\"description\" content=\"Display your message outdoors with durable coroplast signs from Montreal Stencil. Customizable and weather-resistant for effective outdoor communication.\" \/>\n<meta name=\"robots\" content=\"index, follow, max-snippet:-1, max-image-preview:large, max-video-preview:-1\" \/>\n<link rel=\"canonical\" href=\"https:\/\/staging.montrealstencil.com\/en\/product\/panneaux-coroplast\/\" \/>\n<meta property=\"og:locale\" content=\"en_US\" \/>\n<meta property=\"og:type\" content=\"article\" \/>\n<meta property=\"og:title\" content=\"COROPLAST SIGNS - Montreal Stencil\" \/>\n<meta property=\"og:description\" content=\"Display your message outdoors with durable coroplast signs from Montreal Stencil. Customizable and weather-resistant for effective outdoor communication.\" \/>\n<meta property=\"og:url\" content=\"https:\/\/staging.montrealstencil.com\/en\/product\/panneaux-coroplast\/\" \/>\n<meta property=\"og:site_name\" content=\"Montreal Stencil\" \/>\n<meta property=\"article:publisher\" content=\"https:\/\/www.facebook.com\/montrealstencil\" \/>\n<meta property=\"article:modified_time\" content=\"2025-11-05T18:42:47+00:00\" \/>\n<meta property=\"og:image\" content=\"https:\/\/staging.montrealstencil.com\/wp-content\/uploads\/2018\/11\/coroplast-screen-printed.jpg\" \/>\n\t<meta property=\"og:image:width\" content=\"520\" \/>\n\t<meta property=\"og:image:height\" content=\"320\" \/>\n\t<meta property=\"og:image:type\" content=\"image\/jpeg\" \/>\n<meta name=\"twitter:card\" content=\"summary_large_image\" \/>\n<meta name=\"twitter:label1\" content=\"Est. reading time\" \/>\n\t<meta name=\"twitter:data1\" content=\"1 minute\" \/>\n<script type=\"application\/ld+json\" class=\"yoast-schema-graph\">{\"@context\":\"https:\\\/\\\/schema.org\",\"@graph\":[{\"@type\":\"WebPage\",\"@id\":\"https:\\\/\\\/staging.montrealstencil.com\\\/en\\\/product\\\/panneaux-coroplast\\\/\",\"url\":\"https:\\\/\\\/staging.montrealstencil.com\\\/en\\\/product\\\/panneaux-coroplast\\\/\",\"name\":\"COROPLAST SIGNS - Montreal Stencil\",\"isPartOf\":{\"@id\":\"https:\\\/\\\/staging.montrealstencil.com\\\/#website\"},\"primaryImageOfPage\":{\"@id\":\"https:\\\/\\\/staging.montrealstencil.com\\\/en\\\/product\\\/panneaux-coroplast\\\/#primaryimage\"},\"image\":{\"@id\":\"https:\\\/\\\/staging.montrealstencil.com\\\/en\\\/product\\\/panneaux-coroplast\\\/#primaryimage\"},\"thumbnailUrl\":\"https:\\\/\\\/staging.montrealstencil.com\\\/wp-content\\\/uploads\\\/2018\\\/11\\\/coroplast-screen-printed.jpg\",\"datePublished\":\"2018-11-01T18:49:15+00:00\",\"dateModified\":\"2025-11-05T18:42:47+00:00\",\"description\":\"Display your message outdoors with durable coroplast signs from Montreal Stencil. Customizable and weather-resistant for effective outdoor communication.\",\"breadcrumb\":{\"@id\":\"https:\\\/\\\/staging.montrealstencil.com\\\/en\\\/product\\\/panneaux-coroplast\\\/#breadcrumb\"},\"inLanguage\":\"en-CA\",\"potentialAction\":[{\"@type\":\"ReadAction\",\"target\":[\"https:\\\/\\\/staging.montrealstencil.com\\\/en\\\/product\\\/panneaux-coroplast\\\/\"]}]},{\"@type\":\"ImageObject\",\"inLanguage\":\"en-CA\",\"@id\":\"https:\\\/\\\/staging.montrealstencil.com\\\/en\\\/product\\\/panneaux-coroplast\\\/#primaryimage\",\"url\":\"https:\\\/\\\/staging.montrealstencil.com\\\/wp-content\\\/uploads\\\/2018\\\/11\\\/coroplast-screen-printed.jpg\",\"contentUrl\":\"https:\\\/\\\/staging.montrealstencil.com\\\/wp-content\\\/uploads\\\/2018\\\/11\\\/coroplast-screen-printed.jpg\",\"width\":520,\"height\":320},{\"@type\":\"BreadcrumbList\",\"@id\":\"https:\\\/\\\/staging.montrealstencil.com\\\/en\\\/product\\\/panneaux-coroplast\\\/#breadcrumb\",\"itemListElement\":[{\"@type\":\"ListItem\",\"position\":1,\"name\":\"Home\",\"item\":\"https:\\\/\\\/staging.montrealstencil.com\\\/en\\\/\"},{\"@type\":\"ListItem\",\"position\":2,\"name\":\"Produits\",\"item\":\"https:\\\/\\\/staging.montrealstencil.com\\\/boutique\\\/\"},{\"@type\":\"ListItem\",\"position\":3,\"name\":\"COROPLAST SIGNS\"}]},{\"@type\":\"WebSite\",\"@id\":\"https:\\\/\\\/staging.montrealstencil.com\\\/#website\",\"url\":\"https:\\\/\\\/staging.montrealstencil.com\\\/\",\"name\":\"Montreal Stencil\",\"description\":\"\u00c9tampes, plaques, pochoirs stencils et \u00e9tiquettes personnalis\u00e9es \u00e0 Montr\u00e9al\",\"potentialAction\":[{\"@type\":\"SearchAction\",\"target\":{\"@type\":\"EntryPoint\",\"urlTemplate\":\"https:\\\/\\\/staging.montrealstencil.com\\\/?s={search_term_string}\"},\"query-input\":{\"@type\":\"PropertyValueSpecification\",\"valueRequired\":true,\"valueName\":\"search_term_string\"}}],\"inLanguage\":\"en-CA\"}]}<\/script>\n<!-- \/ Yoast SEO plugin. -->","yoast_head_json":{"title":"COROPLAST SIGNS - Montreal Stencil","description":"Display your message outdoors with durable coroplast signs from Montreal Stencil. Customizable and weather-resistant for effective outdoor communication.","robots":{"index":"index","follow":"follow","max-snippet":"max-snippet:-1","max-image-preview":"max-image-preview:large","max-video-preview":"max-video-preview:-1"},"canonical":"https:\/\/staging.montrealstencil.com\/en\/product\/panneaux-coroplast\/","og_locale":"en_US","og_type":"article","og_title":"COROPLAST SIGNS - Montreal Stencil","og_description":"Display your message outdoors with durable coroplast signs from Montreal Stencil. Customizable and weather-resistant for effective outdoor communication.","og_url":"https:\/\/staging.montrealstencil.com\/en\/product\/panneaux-coroplast\/","og_site_name":"Montreal Stencil","article_publisher":"https:\/\/www.facebook.com\/montrealstencil","article_modified_time":"2025-11-05T18:42:47+00:00","og_image":[{"width":520,"height":320,"url":"https:\/\/staging.montrealstencil.com\/wp-content\/uploads\/2018\/11\/coroplast-screen-printed.jpg","type":"image\/jpeg"}],"twitter_card":"summary_large_image","twitter_misc":{"Est. reading time":"1 minute"},"schema":{"@context":"https:\/\/schema.org","@graph":[{"@type":"WebPage","@id":"https:\/\/staging.montrealstencil.com\/en\/product\/panneaux-coroplast\/","url":"https:\/\/staging.montrealstencil.com\/en\/product\/panneaux-coroplast\/","name":"COROPLAST SIGNS - Montreal Stencil","isPartOf":{"@id":"https:\/\/staging.montrealstencil.com\/#website"},"primaryImageOfPage":{"@id":"https:\/\/staging.montrealstencil.com\/en\/product\/panneaux-coroplast\/#primaryimage"},"image":{"@id":"https:\/\/staging.montrealstencil.com\/en\/product\/panneaux-coroplast\/#primaryimage"},"thumbnailUrl":"https:\/\/staging.montrealstencil.com\/wp-content\/uploads\/2018\/11\/coroplast-screen-printed.jpg","datePublished":"2018-11-01T18:49:15+00:00","dateModified":"2025-11-05T18:42:47+00:00","description":"Display your message outdoors with durable coroplast signs from Montreal Stencil. Customizable and weather-resistant for effective outdoor communication.","breadcrumb":{"@id":"https:\/\/staging.montrealstencil.com\/en\/product\/panneaux-coroplast\/#breadcrumb"},"inLanguage":"en-CA","potentialAction":[{"@type":"ReadAction","target":["https:\/\/staging.montrealstencil.com\/en\/product\/panneaux-coroplast\/"]}]},{"@type":"ImageObject","inLanguage":"en-CA","@id":"https:\/\/staging.montrealstencil.com\/en\/product\/panneaux-coroplast\/#primaryimage","url":"https:\/\/staging.montrealstencil.com\/wp-content\/uploads\/2018\/11\/coroplast-screen-printed.jpg","contentUrl":"https:\/\/staging.montrealstencil.com\/wp-content\/uploads\/2018\/11\/coroplast-screen-printed.jpg","width":520,"height":320},{"@type":"BreadcrumbList","@id":"https:\/\/staging.montrealstencil.com\/en\/product\/panneaux-coroplast\/#breadcrumb","itemListElement":[{"@type":"ListItem","position":1,"name":"Home","item":"https:\/\/staging.montrealstencil.com\/en\/"},{"@type":"ListItem","position":2,"name":"Produits","item":"https:\/\/staging.montrealstencil.com\/boutique\/"},{"@type":"ListItem","position":3,"name":"COROPLAST SIGNS"}]},{"@type":"WebSite","@id":"https:\/\/staging.montrealstencil.com\/#website","url":"https:\/\/staging.montrealstencil.com\/","name":"Montreal Stencil","description":"\u00c9tampes, plaques, pochoirs stencils et \u00e9tiquettes personnalis\u00e9es \u00e0 Montr\u00e9al","potentialAction":[{"@type":"SearchAction","target":{"@type":"EntryPoint","urlTemplate":"https:\/\/staging.montrealstencil.com\/?s={search_term_string}"},"query-input":{"@type":"PropertyValueSpecification","valueRequired":true,"valueName":"search_term_string"}}],"inLanguage":"en-CA"}]}},"_links":{"self":[{"href":"https:\/\/staging.montrealstencil.com\/en\/wp-json\/wp\/v2\/product\/4767","targetHints":{"allow":["GET"]}}],"collection":[{"href":"https:\/\/staging.montrealstencil.com\/en\/wp-json\/wp\/v2\/product"}],"about":[{"href":"https:\/\/staging.montrealstencil.com\/en\/wp-json\/wp\/v2\/types\/product"}],"wp:featuredmedia":[{"embeddable":true,"href":"https:\/\/staging.montrealstencil.com\/en\/wp-json\/wp\/v2\/media\/4539"}],"wp:attachment":[{"href":"https:\/\/staging.montrealstencil.com\/en\/wp-json\/wp\/v2\/media?parent=4767"}],"wp:term":[{"taxonomy":"product_cat","embeddable":true,"href":"https:\/\/staging.montrealstencil.com\/en\/wp-json\/wp\/v2\/product_cat?post=4767"},{"taxonomy":"product_mat","embeddable":true,"href":"https:\/\/staging.montrealstencil.com\/en\/wp-json\/wp\/v2\/product_mat?post=4767"}],"curies":[{"name":"wp","href":"https:\/\/api.w.org\/{rel}","templated":true}]}}