{"id":4747,"date":"2018-11-01T16:59:46","date_gmt":"2018-11-01T16:59:46","guid":{"rendered":"http:\/\/montreal-stencil.arkhame-web.com\/produit\/encre-a-pochoirs\/"},"modified":"2025-11-05T19:39:18","modified_gmt":"2025-11-05T19:39:18","slug":"encre-a-pochoirs","status":"publish","type":"product","link":"https:\/\/staging.montrealstencil.com\/en\/product\/encre-a-pochoirs\/","title":{"rendered":"STENCIL INK"},"content":{"rendered":"","protected":false},"excerpt":{"rendered":"<p><strong>Spray stencil ink<\/strong><br \/>\nSpray Stencil Inks are useful for permanent, waterproof, fast-drying bold marks on any surface. Marsh Spray Inks are lead free, CFC and CFHC-Free. All inks formulations comply with CONEG legislation<\/p>\n<ul class=\"list-products-update\">\n<li>Standard Highly Visible Colors: Black, Blue, Green, Orange, Red, White, Yellow and Tan mark-over to cover up<\/li>\n<li>Packed in 14 fluid ounce (414 cm) cans \u2013 Net weight 11 oz (.31 kg)<\/li>\n<li>Black, White, Red and Yellow Meet Government performance requirement for specification\u00a0CID A-A-208B<\/li>\n<\/ul>\n<p><strong>Stencil ink<br \/>\n<\/strong>Permanent, waterproof, fast-drying, for marking on porous surfaces such as paper, cloth, wood, corrugated material, etc. Use K Stencil Ink with the following products:<\/p>\n<ul class=\"list-products-update\">\n<li>R100 Fountain Roller<\/li>\n<li>Fountain Brush<\/li>\n<li>Use Marsh K-Solvent for clean-up<\/li>\n<li>Available in Black and Red<\/li>\n<\/ul>\n<p><strong>Rolmarks stencil ink<br \/>\n<\/strong>Waterprook, permanent, and fast-drying on most surfaces; marks on porous or non-porous surfaces. Rolmark stencil ink can be used with any of the following products:<\/p>\n<ul class=\"list-products-update\">\n<li>RFR200 Fountain Roller<\/li>\n<li>Fountain Brush<\/li>\n<li>RM20 Roller with RM50 Pad<\/li>\n<li>Use Marsh Rolmark Solvent Cleaner for clean-up<\/li>\n<\/ul>\n<p><em><strong>Colors<\/strong><\/em><br \/>\nBLACK &#8211; BLUE &#8211; GREEN &#8211; RED &#8211; ORANGE &#8211; WHITE &#8211; YELLOW &#8211; BROWN &#8211; BRIGHT BLUE<br \/>\n(Black, Red, White and Yellow meet performance specs of CID A-A-208B)<\/p>\n","protected":false},"featured_media":4346,"template":"","meta":{"_acf_changed":false},"product_cat":[283],"product_mat":[],"class_list":["post-4747","product","type-product","status-publish","has-post-thumbnail","hentry","product_cat-stencils"],"acf":[],"yoast_head":"<!-- This site is optimized with the Yoast SEO plugin v27.4 - https:\/\/yoast.com\/product\/yoast-seo-wordpress\/ -->\n<title>STENCIL INK - Montreal Stencil<\/title>\n<meta name=\"description\" content=\"Create bold and defined designs with stencil ink from Montreal Stencil. High-quality inks for precise and lasting stencil impressions.\" \/>\n<meta name=\"robots\" content=\"index, follow, max-snippet:-1, max-image-preview:large, max-video-preview:-1\" \/>\n<link rel=\"canonical\" href=\"https:\/\/staging.montrealstencil.com\/en\/product\/encre-a-pochoirs\/\" \/>\n<meta property=\"og:locale\" content=\"en_US\" \/>\n<meta property=\"og:type\" content=\"article\" \/>\n<meta property=\"og:title\" content=\"STENCIL INK - Montreal Stencil\" \/>\n<meta property=\"og:description\" content=\"Create bold and defined designs with stencil ink from Montreal Stencil. High-quality inks for precise and lasting stencil impressions.\" \/>\n<meta property=\"og:url\" content=\"https:\/\/staging.montrealstencil.com\/en\/product\/encre-a-pochoirs\/\" \/>\n<meta property=\"og:site_name\" content=\"Montreal Stencil\" \/>\n<meta property=\"article:publisher\" content=\"https:\/\/www.facebook.com\/montrealstencil\" \/>\n<meta property=\"article:modified_time\" content=\"2025-11-05T19:39:18+00:00\" \/>\n<meta property=\"og:image\" content=\"https:\/\/staging.montrealstencil.com\/wp-content\/uploads\/2018\/11\/stencil-ink.jpg\" \/>\n\t<meta property=\"og:image:width\" content=\"520\" \/>\n\t<meta property=\"og:image:height\" content=\"355\" \/>\n\t<meta property=\"og:image:type\" content=\"image\/jpeg\" \/>\n<meta name=\"twitter:card\" content=\"summary_large_image\" \/>\n<meta name=\"twitter:label1\" content=\"Est. reading time\" \/>\n\t<meta name=\"twitter:data1\" content=\"1 minute\" \/>\n<script type=\"application\/ld+json\" class=\"yoast-schema-graph\">{\"@context\":\"https:\\\/\\\/schema.org\",\"@graph\":[{\"@type\":\"WebPage\",\"@id\":\"https:\\\/\\\/staging.montrealstencil.com\\\/en\\\/product\\\/encre-a-pochoirs\\\/\",\"url\":\"https:\\\/\\\/staging.montrealstencil.com\\\/en\\\/product\\\/encre-a-pochoirs\\\/\",\"name\":\"STENCIL INK - Montreal Stencil\",\"isPartOf\":{\"@id\":\"https:\\\/\\\/staging.montrealstencil.com\\\/#website\"},\"primaryImageOfPage\":{\"@id\":\"https:\\\/\\\/staging.montrealstencil.com\\\/en\\\/product\\\/encre-a-pochoirs\\\/#primaryimage\"},\"image\":{\"@id\":\"https:\\\/\\\/staging.montrealstencil.com\\\/en\\\/product\\\/encre-a-pochoirs\\\/#primaryimage\"},\"thumbnailUrl\":\"https:\\\/\\\/staging.montrealstencil.com\\\/wp-content\\\/uploads\\\/2018\\\/11\\\/stencil-ink.jpg\",\"datePublished\":\"2018-11-01T16:59:46+00:00\",\"dateModified\":\"2025-11-05T19:39:18+00:00\",\"description\":\"Create bold and defined designs with stencil ink from Montreal Stencil. High-quality inks for precise and lasting stencil impressions.\",\"breadcrumb\":{\"@id\":\"https:\\\/\\\/staging.montrealstencil.com\\\/en\\\/product\\\/encre-a-pochoirs\\\/#breadcrumb\"},\"inLanguage\":\"en-CA\",\"potentialAction\":[{\"@type\":\"ReadAction\",\"target\":[\"https:\\\/\\\/staging.montrealstencil.com\\\/en\\\/product\\\/encre-a-pochoirs\\\/\"]}]},{\"@type\":\"ImageObject\",\"inLanguage\":\"en-CA\",\"@id\":\"https:\\\/\\\/staging.montrealstencil.com\\\/en\\\/product\\\/encre-a-pochoirs\\\/#primaryimage\",\"url\":\"https:\\\/\\\/staging.montrealstencil.com\\\/wp-content\\\/uploads\\\/2018\\\/11\\\/stencil-ink.jpg\",\"contentUrl\":\"https:\\\/\\\/staging.montrealstencil.com\\\/wp-content\\\/uploads\\\/2018\\\/11\\\/stencil-ink.jpg\",\"width\":520,\"height\":355},{\"@type\":\"BreadcrumbList\",\"@id\":\"https:\\\/\\\/staging.montrealstencil.com\\\/en\\\/product\\\/encre-a-pochoirs\\\/#breadcrumb\",\"itemListElement\":[{\"@type\":\"ListItem\",\"position\":1,\"name\":\"Home\",\"item\":\"https:\\\/\\\/staging.montrealstencil.com\\\/en\\\/\"},{\"@type\":\"ListItem\",\"position\":2,\"name\":\"Produits\",\"item\":\"https:\\\/\\\/staging.montrealstencil.com\\\/boutique\\\/\"},{\"@type\":\"ListItem\",\"position\":3,\"name\":\"STENCIL INK\"}]},{\"@type\":\"WebSite\",\"@id\":\"https:\\\/\\\/staging.montrealstencil.com\\\/#website\",\"url\":\"https:\\\/\\\/staging.montrealstencil.com\\\/\",\"name\":\"Montreal Stencil\",\"description\":\"\u00c9tampes, plaques, pochoirs stencils et \u00e9tiquettes personnalis\u00e9es \u00e0 Montr\u00e9al\",\"potentialAction\":[{\"@type\":\"SearchAction\",\"target\":{\"@type\":\"EntryPoint\",\"urlTemplate\":\"https:\\\/\\\/staging.montrealstencil.com\\\/?s={search_term_string}\"},\"query-input\":{\"@type\":\"PropertyValueSpecification\",\"valueRequired\":true,\"valueName\":\"search_term_string\"}}],\"inLanguage\":\"en-CA\"}]}<\/script>\n<!-- \/ Yoast SEO plugin. -->","yoast_head_json":{"title":"STENCIL INK - Montreal Stencil","description":"Create bold and defined designs with stencil ink from Montreal Stencil. High-quality inks for precise and lasting stencil impressions.","robots":{"index":"index","follow":"follow","max-snippet":"max-snippet:-1","max-image-preview":"max-image-preview:large","max-video-preview":"max-video-preview:-1"},"canonical":"https:\/\/staging.montrealstencil.com\/en\/product\/encre-a-pochoirs\/","og_locale":"en_US","og_type":"article","og_title":"STENCIL INK - Montreal Stencil","og_description":"Create bold and defined designs with stencil ink from Montreal Stencil. High-quality inks for precise and lasting stencil impressions.","og_url":"https:\/\/staging.montrealstencil.com\/en\/product\/encre-a-pochoirs\/","og_site_name":"Montreal Stencil","article_publisher":"https:\/\/www.facebook.com\/montrealstencil","article_modified_time":"2025-11-05T19:39:18+00:00","og_image":[{"width":520,"height":355,"url":"https:\/\/staging.montrealstencil.com\/wp-content\/uploads\/2018\/11\/stencil-ink.jpg","type":"image\/jpeg"}],"twitter_card":"summary_large_image","twitter_misc":{"Est. reading time":"1 minute"},"schema":{"@context":"https:\/\/schema.org","@graph":[{"@type":"WebPage","@id":"https:\/\/staging.montrealstencil.com\/en\/product\/encre-a-pochoirs\/","url":"https:\/\/staging.montrealstencil.com\/en\/product\/encre-a-pochoirs\/","name":"STENCIL INK - Montreal Stencil","isPartOf":{"@id":"https:\/\/staging.montrealstencil.com\/#website"},"primaryImageOfPage":{"@id":"https:\/\/staging.montrealstencil.com\/en\/product\/encre-a-pochoirs\/#primaryimage"},"image":{"@id":"https:\/\/staging.montrealstencil.com\/en\/product\/encre-a-pochoirs\/#primaryimage"},"thumbnailUrl":"https:\/\/staging.montrealstencil.com\/wp-content\/uploads\/2018\/11\/stencil-ink.jpg","datePublished":"2018-11-01T16:59:46+00:00","dateModified":"2025-11-05T19:39:18+00:00","description":"Create bold and defined designs with stencil ink from Montreal Stencil. High-quality inks for precise and lasting stencil impressions.","breadcrumb":{"@id":"https:\/\/staging.montrealstencil.com\/en\/product\/encre-a-pochoirs\/#breadcrumb"},"inLanguage":"en-CA","potentialAction":[{"@type":"ReadAction","target":["https:\/\/staging.montrealstencil.com\/en\/product\/encre-a-pochoirs\/"]}]},{"@type":"ImageObject","inLanguage":"en-CA","@id":"https:\/\/staging.montrealstencil.com\/en\/product\/encre-a-pochoirs\/#primaryimage","url":"https:\/\/staging.montrealstencil.com\/wp-content\/uploads\/2018\/11\/stencil-ink.jpg","contentUrl":"https:\/\/staging.montrealstencil.com\/wp-content\/uploads\/2018\/11\/stencil-ink.jpg","width":520,"height":355},{"@type":"BreadcrumbList","@id":"https:\/\/staging.montrealstencil.com\/en\/product\/encre-a-pochoirs\/#breadcrumb","itemListElement":[{"@type":"ListItem","position":1,"name":"Home","item":"https:\/\/staging.montrealstencil.com\/en\/"},{"@type":"ListItem","position":2,"name":"Produits","item":"https:\/\/staging.montrealstencil.com\/boutique\/"},{"@type":"ListItem","position":3,"name":"STENCIL INK"}]},{"@type":"WebSite","@id":"https:\/\/staging.montrealstencil.com\/#website","url":"https:\/\/staging.montrealstencil.com\/","name":"Montreal Stencil","description":"\u00c9tampes, plaques, pochoirs stencils et \u00e9tiquettes personnalis\u00e9es \u00e0 Montr\u00e9al","potentialAction":[{"@type":"SearchAction","target":{"@type":"EntryPoint","urlTemplate":"https:\/\/staging.montrealstencil.com\/?s={search_term_string}"},"query-input":{"@type":"PropertyValueSpecification","valueRequired":true,"valueName":"search_term_string"}}],"inLanguage":"en-CA"}]}},"_links":{"self":[{"href":"https:\/\/staging.montrealstencil.com\/en\/wp-json\/wp\/v2\/product\/4747","targetHints":{"allow":["GET"]}}],"collection":[{"href":"https:\/\/staging.montrealstencil.com\/en\/wp-json\/wp\/v2\/product"}],"about":[{"href":"https:\/\/staging.montrealstencil.com\/en\/wp-json\/wp\/v2\/types\/product"}],"wp:featuredmedia":[{"embeddable":true,"href":"https:\/\/staging.montrealstencil.com\/en\/wp-json\/wp\/v2\/media\/4346"}],"wp:attachment":[{"href":"https:\/\/staging.montrealstencil.com\/en\/wp-json\/wp\/v2\/media?parent=4747"}],"wp:term":[{"taxonomy":"product_cat","embeddable":true,"href":"https:\/\/staging.montrealstencil.com\/en\/wp-json\/wp\/v2\/product_cat?post=4747"},{"taxonomy":"product_mat","embeddable":true,"href":"https:\/\/staging.montrealstencil.com\/en\/wp-json\/wp\/v2\/product_mat?post=4747"}],"curies":[{"name":"wp","href":"https:\/\/api.w.org\/{rel}","templated":true}]}}