{"id":4078,"date":"2018-12-01T09:46:28","date_gmt":"2018-10-05T19:46:28","guid":{"rendered":"http:\/\/montreal-stencil.arkhame-web.com\/produit\/lexan\/"},"modified":"2025-11-05T16:41:34","modified_gmt":"2025-11-05T16:41:34","slug":"lexan","status":"publish","type":"product","link":"https:\/\/staging.montrealstencil.com\/en\/product\/lexan\/","title":{"rendered":"LEXAN"},"content":{"rendered":"","protected":false},"excerpt":{"rendered":"<p>A polycarbonate label where the thickness ranges from .005\u2019\u2019 to 0.020\u2019\u2019 (0.127mm to 0.5mm). Polycarbonate is printed sub-surface (or from behind) and then laminated to a self-adhesive transfer tape such as 3M 467 and 3M 468 which use the 200MP adhesive or 3M 9472LE which uses 3M 300LSE adhesive. The printed graphic is encapsulated between the polycarbonate layer and the adhesive thereby protecting it from the elements, cleaners and abrasives. Lexan is extremely durable in harsh environments and has exceptional temperature characteristics performing well in conditions ranging from -40\u00b0F to 275\u00b0F (-40\u00b0C to 135\u00b0C). Using our recommended adhesives the polycarbonate labels can be applied to many different surfaces: metal, painted metal, powder coated metals, plastics. Lexan labels can be fabricated with holes and irregular shapes for use as graphic membranes for control panels.<\/p>\n<p>Montreal Stencil can competitively produce Lexan labels in short medium and long run quantities.<\/p>\n<p class=\"button-top-command\"><a class=\"command-button popmake-4097\" href=\"#\">REQUEST AN ESTIMATE<\/a><\/p>\n","protected":false},"featured_media":4719,"template":"","meta":{"_acf_changed":false},"product_cat":[271],"product_mat":[321],"class_list":["post-4078","product","type-product","status-publish","has-post-thumbnail","hentry","product_cat-stickers-decals","product_mat-polycarbonate-lexan-en"],"acf":[],"yoast_head":"<!-- This site is optimized with the Yoast SEO plugin v27.4 - https:\/\/yoast.com\/product\/yoast-seo-wordpress\/ -->\n<title>LEXAN Tape - Montreal Stencil<\/title>\n<meta name=\"description\" content=\"Choose durable labeling solutions with LEXAN tape from Montreal Stencil. Resistant and reliable for a variety of applications.\" \/>\n<meta name=\"robots\" content=\"index, follow, max-snippet:-1, max-image-preview:large, max-video-preview:-1\" \/>\n<link rel=\"canonical\" href=\"https:\/\/staging.montrealstencil.com\/en\/product\/lexan\/\" \/>\n<meta property=\"og:locale\" content=\"en_US\" \/>\n<meta property=\"og:type\" content=\"article\" \/>\n<meta property=\"og:title\" content=\"LEXAN Tape - Montreal Stencil\" \/>\n<meta property=\"og:description\" content=\"Choose durable labeling solutions with LEXAN tape from Montreal Stencil. Resistant and reliable for a variety of applications.\" \/>\n<meta property=\"og:url\" content=\"https:\/\/staging.montrealstencil.com\/en\/product\/lexan\/\" \/>\n<meta property=\"og:site_name\" content=\"Montreal Stencil\" \/>\n<meta property=\"article:publisher\" content=\"https:\/\/www.facebook.com\/montrealstencil\" \/>\n<meta property=\"article:modified_time\" content=\"2025-11-05T16:41:34+00:00\" \/>\n<meta property=\"og:image\" content=\"https:\/\/staging.montrealstencil.com\/wp-content\/uploads\/2018\/10\/img17.jpg\" \/>\n\t<meta property=\"og:image:width\" content=\"520\" \/>\n\t<meta property=\"og:image:height\" content=\"355\" \/>\n\t<meta property=\"og:image:type\" content=\"image\/jpeg\" \/>\n<meta name=\"twitter:card\" content=\"summary_large_image\" \/>\n<meta name=\"twitter:label1\" content=\"Est. reading time\" \/>\n\t<meta name=\"twitter:data1\" content=\"1 minute\" \/>\n<script type=\"application\/ld+json\" class=\"yoast-schema-graph\">{\"@context\":\"https:\\\/\\\/schema.org\",\"@graph\":[{\"@type\":\"WebPage\",\"@id\":\"https:\\\/\\\/staging.montrealstencil.com\\\/en\\\/product\\\/lexan\\\/\",\"url\":\"https:\\\/\\\/staging.montrealstencil.com\\\/en\\\/product\\\/lexan\\\/\",\"name\":\"LEXAN Tape - Montreal Stencil\",\"isPartOf\":{\"@id\":\"https:\\\/\\\/staging.montrealstencil.com\\\/#website\"},\"primaryImageOfPage\":{\"@id\":\"https:\\\/\\\/staging.montrealstencil.com\\\/en\\\/product\\\/lexan\\\/#primaryimage\"},\"image\":{\"@id\":\"https:\\\/\\\/staging.montrealstencil.com\\\/en\\\/product\\\/lexan\\\/#primaryimage\"},\"thumbnailUrl\":\"https:\\\/\\\/staging.montrealstencil.com\\\/wp-content\\\/uploads\\\/2018\\\/10\\\/img17.jpg\",\"datePublished\":\"2018-10-05T19:46:28+00:00\",\"dateModified\":\"2025-11-05T16:41:34+00:00\",\"description\":\"Choose durable labeling solutions with LEXAN tape from Montreal Stencil. Resistant and reliable for a variety of applications.\",\"breadcrumb\":{\"@id\":\"https:\\\/\\\/staging.montrealstencil.com\\\/en\\\/product\\\/lexan\\\/#breadcrumb\"},\"inLanguage\":\"en-CA\",\"potentialAction\":[{\"@type\":\"ReadAction\",\"target\":[\"https:\\\/\\\/staging.montrealstencil.com\\\/en\\\/product\\\/lexan\\\/\"]}]},{\"@type\":\"ImageObject\",\"inLanguage\":\"en-CA\",\"@id\":\"https:\\\/\\\/staging.montrealstencil.com\\\/en\\\/product\\\/lexan\\\/#primaryimage\",\"url\":\"https:\\\/\\\/staging.montrealstencil.com\\\/wp-content\\\/uploads\\\/2018\\\/10\\\/img17.jpg\",\"contentUrl\":\"https:\\\/\\\/staging.montrealstencil.com\\\/wp-content\\\/uploads\\\/2018\\\/10\\\/img17.jpg\",\"width\":520,\"height\":355},{\"@type\":\"BreadcrumbList\",\"@id\":\"https:\\\/\\\/staging.montrealstencil.com\\\/en\\\/product\\\/lexan\\\/#breadcrumb\",\"itemListElement\":[{\"@type\":\"ListItem\",\"position\":1,\"name\":\"Home\",\"item\":\"https:\\\/\\\/staging.montrealstencil.com\\\/en\\\/\"},{\"@type\":\"ListItem\",\"position\":2,\"name\":\"Produits\",\"item\":\"https:\\\/\\\/staging.montrealstencil.com\\\/boutique\\\/\"},{\"@type\":\"ListItem\",\"position\":3,\"name\":\"LEXAN\"}]},{\"@type\":\"WebSite\",\"@id\":\"https:\\\/\\\/staging.montrealstencil.com\\\/#website\",\"url\":\"https:\\\/\\\/staging.montrealstencil.com\\\/\",\"name\":\"Montreal Stencil\",\"description\":\"\u00c9tampes, plaques, pochoirs stencils et \u00e9tiquettes personnalis\u00e9es \u00e0 Montr\u00e9al\",\"potentialAction\":[{\"@type\":\"SearchAction\",\"target\":{\"@type\":\"EntryPoint\",\"urlTemplate\":\"https:\\\/\\\/staging.montrealstencil.com\\\/?s={search_term_string}\"},\"query-input\":{\"@type\":\"PropertyValueSpecification\",\"valueRequired\":true,\"valueName\":\"search_term_string\"}}],\"inLanguage\":\"en-CA\"}]}<\/script>\n<!-- \/ Yoast SEO plugin. -->","yoast_head_json":{"title":"LEXAN Tape - Montreal Stencil","description":"Choose durable labeling solutions with LEXAN tape from Montreal Stencil. Resistant and reliable for a variety of applications.","robots":{"index":"index","follow":"follow","max-snippet":"max-snippet:-1","max-image-preview":"max-image-preview:large","max-video-preview":"max-video-preview:-1"},"canonical":"https:\/\/staging.montrealstencil.com\/en\/product\/lexan\/","og_locale":"en_US","og_type":"article","og_title":"LEXAN Tape - Montreal Stencil","og_description":"Choose durable labeling solutions with LEXAN tape from Montreal Stencil. Resistant and reliable for a variety of applications.","og_url":"https:\/\/staging.montrealstencil.com\/en\/product\/lexan\/","og_site_name":"Montreal Stencil","article_publisher":"https:\/\/www.facebook.com\/montrealstencil","article_modified_time":"2025-11-05T16:41:34+00:00","og_image":[{"width":520,"height":355,"url":"https:\/\/staging.montrealstencil.com\/wp-content\/uploads\/2018\/10\/img17.jpg","type":"image\/jpeg"}],"twitter_card":"summary_large_image","twitter_misc":{"Est. reading time":"1 minute"},"schema":{"@context":"https:\/\/schema.org","@graph":[{"@type":"WebPage","@id":"https:\/\/staging.montrealstencil.com\/en\/product\/lexan\/","url":"https:\/\/staging.montrealstencil.com\/en\/product\/lexan\/","name":"LEXAN Tape - Montreal Stencil","isPartOf":{"@id":"https:\/\/staging.montrealstencil.com\/#website"},"primaryImageOfPage":{"@id":"https:\/\/staging.montrealstencil.com\/en\/product\/lexan\/#primaryimage"},"image":{"@id":"https:\/\/staging.montrealstencil.com\/en\/product\/lexan\/#primaryimage"},"thumbnailUrl":"https:\/\/staging.montrealstencil.com\/wp-content\/uploads\/2018\/10\/img17.jpg","datePublished":"2018-10-05T19:46:28+00:00","dateModified":"2025-11-05T16:41:34+00:00","description":"Choose durable labeling solutions with LEXAN tape from Montreal Stencil. Resistant and reliable for a variety of applications.","breadcrumb":{"@id":"https:\/\/staging.montrealstencil.com\/en\/product\/lexan\/#breadcrumb"},"inLanguage":"en-CA","potentialAction":[{"@type":"ReadAction","target":["https:\/\/staging.montrealstencil.com\/en\/product\/lexan\/"]}]},{"@type":"ImageObject","inLanguage":"en-CA","@id":"https:\/\/staging.montrealstencil.com\/en\/product\/lexan\/#primaryimage","url":"https:\/\/staging.montrealstencil.com\/wp-content\/uploads\/2018\/10\/img17.jpg","contentUrl":"https:\/\/staging.montrealstencil.com\/wp-content\/uploads\/2018\/10\/img17.jpg","width":520,"height":355},{"@type":"BreadcrumbList","@id":"https:\/\/staging.montrealstencil.com\/en\/product\/lexan\/#breadcrumb","itemListElement":[{"@type":"ListItem","position":1,"name":"Home","item":"https:\/\/staging.montrealstencil.com\/en\/"},{"@type":"ListItem","position":2,"name":"Produits","item":"https:\/\/staging.montrealstencil.com\/boutique\/"},{"@type":"ListItem","position":3,"name":"LEXAN"}]},{"@type":"WebSite","@id":"https:\/\/staging.montrealstencil.com\/#website","url":"https:\/\/staging.montrealstencil.com\/","name":"Montreal Stencil","description":"\u00c9tampes, plaques, pochoirs stencils et \u00e9tiquettes personnalis\u00e9es \u00e0 Montr\u00e9al","potentialAction":[{"@type":"SearchAction","target":{"@type":"EntryPoint","urlTemplate":"https:\/\/staging.montrealstencil.com\/?s={search_term_string}"},"query-input":{"@type":"PropertyValueSpecification","valueRequired":true,"valueName":"search_term_string"}}],"inLanguage":"en-CA"}]}},"_links":{"self":[{"href":"https:\/\/staging.montrealstencil.com\/en\/wp-json\/wp\/v2\/product\/4078","targetHints":{"allow":["GET"]}}],"collection":[{"href":"https:\/\/staging.montrealstencil.com\/en\/wp-json\/wp\/v2\/product"}],"about":[{"href":"https:\/\/staging.montrealstencil.com\/en\/wp-json\/wp\/v2\/types\/product"}],"wp:featuredmedia":[{"embeddable":true,"href":"https:\/\/staging.montrealstencil.com\/en\/wp-json\/wp\/v2\/media\/4719"}],"wp:attachment":[{"href":"https:\/\/staging.montrealstencil.com\/en\/wp-json\/wp\/v2\/media?parent=4078"}],"wp:term":[{"taxonomy":"product_cat","embeddable":true,"href":"https:\/\/staging.montrealstencil.com\/en\/wp-json\/wp\/v2\/product_cat?post=4078"},{"taxonomy":"product_mat","embeddable":true,"href":"https:\/\/staging.montrealstencil.com\/en\/wp-json\/wp\/v2\/product_mat?post=4078"}],"curies":[{"name":"wp","href":"https:\/\/api.w.org\/{rel}","templated":true}]}}