{"id":4072,"date":"2018-11-20T20:01:55","date_gmt":"2018-10-05T20:01:55","guid":{"rendered":"http:\/\/montreal-stencil.arkhame-web.com\/produit\/sceaux-graves\/"},"modified":"2025-11-05T19:08:30","modified_gmt":"2025-11-05T19:08:30","slug":"engraved-seals","status":"publish","type":"product","link":"https:\/\/staging.montrealstencil.com\/en\/product\/engraved-seals\/","title":{"rendered":"ENGRAVED SEALS"},"content":{"rendered":"","protected":false},"excerpt":{"rendered":"<p>An engraved seal is used to emboss paper leaving a permanent raised mark on important documents. Using our modern methods of engraving Montreal Stencil manufactures corporate seal presses, notarial and lawyer seals and university seal presses for diplomas. We can even engrave your logo for use on promotional documents. We have various different styles of seal press including heavy duty cast iron and electronic seal presses. To produce a quality embossing on paper there are several important factors. It is important to indicate what type of paper you will be embossing as our experts will control the depth of our engraving to best perform on your thickness of paper. If you require your logo to be part of the embossing, we will need to see it so we may consult you on how we plan to transform your logo into an attractive embossing. It is also important to indicate what position on the document you require your embossed mark.<\/p>\n","protected":false},"featured_media":4294,"template":"","meta":{"_acf_changed":false},"product_cat":[270,269],"product_mat":[312,313],"class_list":["post-4072","product","type-product","status-publish","has-post-thumbnail","hentry","product_cat-engraving","product_cat-stamps","product_mat-aluminum-en","product_mat-brass"],"acf":[],"yoast_head":"<!-- This site is optimized with the Yoast SEO plugin v27.4 - https:\/\/yoast.com\/product\/yoast-seo-wordpress\/ -->\n<title>ENGRAVED SEALS - Montreal Stencil<\/title>\n<meta name=\"description\" content=\"Add a touch of distinction with engraved seals from Montreal Stencil. Custom designs for official and decorative applications.\" \/>\n<meta name=\"robots\" content=\"index, follow, max-snippet:-1, max-image-preview:large, max-video-preview:-1\" \/>\n<link rel=\"canonical\" href=\"https:\/\/staging.montrealstencil.com\/en\/product\/engraved-seals\/\" \/>\n<meta property=\"og:locale\" content=\"en_US\" \/>\n<meta property=\"og:type\" content=\"article\" \/>\n<meta property=\"og:title\" content=\"ENGRAVED SEALS - Montreal Stencil\" \/>\n<meta property=\"og:description\" content=\"Add a touch of distinction with engraved seals from Montreal Stencil. Custom designs for official and decorative applications.\" \/>\n<meta property=\"og:url\" content=\"https:\/\/staging.montrealstencil.com\/en\/product\/engraved-seals\/\" \/>\n<meta property=\"og:site_name\" content=\"Montreal Stencil\" \/>\n<meta property=\"article:publisher\" content=\"https:\/\/www.facebook.com\/montrealstencil\" \/>\n<meta property=\"article:modified_time\" content=\"2025-11-05T19:08:30+00:00\" \/>\n<meta property=\"og:image\" content=\"https:\/\/staging.montrealstencil.com\/wp-content\/uploads\/2018\/10\/engraved-corporate-seal.jpg\" \/>\n\t<meta property=\"og:image:width\" content=\"520\" \/>\n\t<meta property=\"og:image:height\" content=\"355\" \/>\n\t<meta property=\"og:image:type\" content=\"image\/jpeg\" \/>\n<meta name=\"twitter:card\" content=\"summary_large_image\" \/>\n<meta name=\"twitter:label1\" content=\"Est. reading time\" \/>\n\t<meta name=\"twitter:data1\" content=\"1 minute\" \/>\n<script type=\"application\/ld+json\" class=\"yoast-schema-graph\">{\"@context\":\"https:\\\/\\\/schema.org\",\"@graph\":[{\"@type\":\"WebPage\",\"@id\":\"https:\\\/\\\/staging.montrealstencil.com\\\/en\\\/product\\\/engraved-seals\\\/\",\"url\":\"https:\\\/\\\/staging.montrealstencil.com\\\/en\\\/product\\\/engraved-seals\\\/\",\"name\":\"ENGRAVED SEALS - Montreal Stencil\",\"isPartOf\":{\"@id\":\"https:\\\/\\\/staging.montrealstencil.com\\\/#website\"},\"primaryImageOfPage\":{\"@id\":\"https:\\\/\\\/staging.montrealstencil.com\\\/en\\\/product\\\/engraved-seals\\\/#primaryimage\"},\"image\":{\"@id\":\"https:\\\/\\\/staging.montrealstencil.com\\\/en\\\/product\\\/engraved-seals\\\/#primaryimage\"},\"thumbnailUrl\":\"https:\\\/\\\/staging.montrealstencil.com\\\/wp-content\\\/uploads\\\/2018\\\/10\\\/engraved-corporate-seal.jpg\",\"datePublished\":\"2018-10-05T20:01:55+00:00\",\"dateModified\":\"2025-11-05T19:08:30+00:00\",\"description\":\"Add a touch of distinction with engraved seals from Montreal Stencil. Custom designs for official and decorative applications.\",\"breadcrumb\":{\"@id\":\"https:\\\/\\\/staging.montrealstencil.com\\\/en\\\/product\\\/engraved-seals\\\/#breadcrumb\"},\"inLanguage\":\"en-CA\",\"potentialAction\":[{\"@type\":\"ReadAction\",\"target\":[\"https:\\\/\\\/staging.montrealstencil.com\\\/en\\\/product\\\/engraved-seals\\\/\"]}]},{\"@type\":\"ImageObject\",\"inLanguage\":\"en-CA\",\"@id\":\"https:\\\/\\\/staging.montrealstencil.com\\\/en\\\/product\\\/engraved-seals\\\/#primaryimage\",\"url\":\"https:\\\/\\\/staging.montrealstencil.com\\\/wp-content\\\/uploads\\\/2018\\\/10\\\/engraved-corporate-seal.jpg\",\"contentUrl\":\"https:\\\/\\\/staging.montrealstencil.com\\\/wp-content\\\/uploads\\\/2018\\\/10\\\/engraved-corporate-seal.jpg\",\"width\":520,\"height\":355},{\"@type\":\"BreadcrumbList\",\"@id\":\"https:\\\/\\\/staging.montrealstencil.com\\\/en\\\/product\\\/engraved-seals\\\/#breadcrumb\",\"itemListElement\":[{\"@type\":\"ListItem\",\"position\":1,\"name\":\"Home\",\"item\":\"https:\\\/\\\/staging.montrealstencil.com\\\/en\\\/\"},{\"@type\":\"ListItem\",\"position\":2,\"name\":\"Produits\",\"item\":\"https:\\\/\\\/staging.montrealstencil.com\\\/boutique\\\/\"},{\"@type\":\"ListItem\",\"position\":3,\"name\":\"ENGRAVED SEALS\"}]},{\"@type\":\"WebSite\",\"@id\":\"https:\\\/\\\/staging.montrealstencil.com\\\/#website\",\"url\":\"https:\\\/\\\/staging.montrealstencil.com\\\/\",\"name\":\"Montreal Stencil\",\"description\":\"\u00c9tampes, plaques, pochoirs stencils et \u00e9tiquettes personnalis\u00e9es \u00e0 Montr\u00e9al\",\"potentialAction\":[{\"@type\":\"SearchAction\",\"target\":{\"@type\":\"EntryPoint\",\"urlTemplate\":\"https:\\\/\\\/staging.montrealstencil.com\\\/?s={search_term_string}\"},\"query-input\":{\"@type\":\"PropertyValueSpecification\",\"valueRequired\":true,\"valueName\":\"search_term_string\"}}],\"inLanguage\":\"en-CA\"}]}<\/script>\n<!-- \/ Yoast SEO plugin. -->","yoast_head_json":{"title":"ENGRAVED SEALS - Montreal Stencil","description":"Add a touch of distinction with engraved seals from Montreal Stencil. Custom designs for official and decorative applications.","robots":{"index":"index","follow":"follow","max-snippet":"max-snippet:-1","max-image-preview":"max-image-preview:large","max-video-preview":"max-video-preview:-1"},"canonical":"https:\/\/staging.montrealstencil.com\/en\/product\/engraved-seals\/","og_locale":"en_US","og_type":"article","og_title":"ENGRAVED SEALS - Montreal Stencil","og_description":"Add a touch of distinction with engraved seals from Montreal Stencil. Custom designs for official and decorative applications.","og_url":"https:\/\/staging.montrealstencil.com\/en\/product\/engraved-seals\/","og_site_name":"Montreal Stencil","article_publisher":"https:\/\/www.facebook.com\/montrealstencil","article_modified_time":"2025-11-05T19:08:30+00:00","og_image":[{"width":520,"height":355,"url":"https:\/\/staging.montrealstencil.com\/wp-content\/uploads\/2018\/10\/engraved-corporate-seal.jpg","type":"image\/jpeg"}],"twitter_card":"summary_large_image","twitter_misc":{"Est. reading time":"1 minute"},"schema":{"@context":"https:\/\/schema.org","@graph":[{"@type":"WebPage","@id":"https:\/\/staging.montrealstencil.com\/en\/product\/engraved-seals\/","url":"https:\/\/staging.montrealstencil.com\/en\/product\/engraved-seals\/","name":"ENGRAVED SEALS - Montreal Stencil","isPartOf":{"@id":"https:\/\/staging.montrealstencil.com\/#website"},"primaryImageOfPage":{"@id":"https:\/\/staging.montrealstencil.com\/en\/product\/engraved-seals\/#primaryimage"},"image":{"@id":"https:\/\/staging.montrealstencil.com\/en\/product\/engraved-seals\/#primaryimage"},"thumbnailUrl":"https:\/\/staging.montrealstencil.com\/wp-content\/uploads\/2018\/10\/engraved-corporate-seal.jpg","datePublished":"2018-10-05T20:01:55+00:00","dateModified":"2025-11-05T19:08:30+00:00","description":"Add a touch of distinction with engraved seals from Montreal Stencil. Custom designs for official and decorative applications.","breadcrumb":{"@id":"https:\/\/staging.montrealstencil.com\/en\/product\/engraved-seals\/#breadcrumb"},"inLanguage":"en-CA","potentialAction":[{"@type":"ReadAction","target":["https:\/\/staging.montrealstencil.com\/en\/product\/engraved-seals\/"]}]},{"@type":"ImageObject","inLanguage":"en-CA","@id":"https:\/\/staging.montrealstencil.com\/en\/product\/engraved-seals\/#primaryimage","url":"https:\/\/staging.montrealstencil.com\/wp-content\/uploads\/2018\/10\/engraved-corporate-seal.jpg","contentUrl":"https:\/\/staging.montrealstencil.com\/wp-content\/uploads\/2018\/10\/engraved-corporate-seal.jpg","width":520,"height":355},{"@type":"BreadcrumbList","@id":"https:\/\/staging.montrealstencil.com\/en\/product\/engraved-seals\/#breadcrumb","itemListElement":[{"@type":"ListItem","position":1,"name":"Home","item":"https:\/\/staging.montrealstencil.com\/en\/"},{"@type":"ListItem","position":2,"name":"Produits","item":"https:\/\/staging.montrealstencil.com\/boutique\/"},{"@type":"ListItem","position":3,"name":"ENGRAVED SEALS"}]},{"@type":"WebSite","@id":"https:\/\/staging.montrealstencil.com\/#website","url":"https:\/\/staging.montrealstencil.com\/","name":"Montreal Stencil","description":"\u00c9tampes, plaques, pochoirs stencils et \u00e9tiquettes personnalis\u00e9es \u00e0 Montr\u00e9al","potentialAction":[{"@type":"SearchAction","target":{"@type":"EntryPoint","urlTemplate":"https:\/\/staging.montrealstencil.com\/?s={search_term_string}"},"query-input":{"@type":"PropertyValueSpecification","valueRequired":true,"valueName":"search_term_string"}}],"inLanguage":"en-CA"}]}},"_links":{"self":[{"href":"https:\/\/staging.montrealstencil.com\/en\/wp-json\/wp\/v2\/product\/4072","targetHints":{"allow":["GET"]}}],"collection":[{"href":"https:\/\/staging.montrealstencil.com\/en\/wp-json\/wp\/v2\/product"}],"about":[{"href":"https:\/\/staging.montrealstencil.com\/en\/wp-json\/wp\/v2\/types\/product"}],"wp:featuredmedia":[{"embeddable":true,"href":"https:\/\/staging.montrealstencil.com\/en\/wp-json\/wp\/v2\/media\/4294"}],"wp:attachment":[{"href":"https:\/\/staging.montrealstencil.com\/en\/wp-json\/wp\/v2\/media?parent=4072"}],"wp:term":[{"taxonomy":"product_cat","embeddable":true,"href":"https:\/\/staging.montrealstencil.com\/en\/wp-json\/wp\/v2\/product_cat?post=4072"},{"taxonomy":"product_mat","embeddable":true,"href":"https:\/\/staging.montrealstencil.com\/en\/wp-json\/wp\/v2\/product_mat?post=4072"}],"curies":[{"name":"wp","href":"https:\/\/api.w.org\/{rel}","templated":true}]}}