{"id":4064,"date":"2018-11-29T18:00:40","date_gmt":"2018-10-07T18:00:40","guid":{"rendered":"http:\/\/montreal-stencil.arkhame-web.com\/produit\/panneaux-de-controle\/"},"modified":"2025-11-05T18:48:45","modified_gmt":"2025-11-05T18:48:45","slug":"panneaux-de-controle","status":"publish","type":"product","link":"https:\/\/staging.montrealstencil.com\/en\/product\/panneaux-de-controle\/","title":{"rendered":"CONTROL PANELS"},"content":{"rendered":"","protected":false},"excerpt":{"rendered":"<p>Our metal nameplate department supplies control panels printed and fabricated in aluminum or stainless steel. Our control panels can be printed using Metalphoto or Permanent Process anodised aluminum and we can also surface print on aluminum and stainless steel. We will machine and fabricate the metal control panels according to your engineering drawings. Our silkscreen department can also print directly to panels that are supplied pre-fabricated.<\/p>\n","protected":false},"featured_media":4664,"template":"","meta":{"_acf_changed":false},"product_cat":[264],"product_mat":[312,325],"class_list":["post-4064","product","type-product","status-publish","has-post-thumbnail","hentry","product_cat-control-plates","product_mat-aluminum-en","product_mat-stainless-steel"],"acf":[],"yoast_head":"<!-- This site is optimized with the Yoast SEO plugin v27.4 - https:\/\/yoast.com\/product\/yoast-seo-wordpress\/ -->\n<title>CONTROL PANELS - Montreal Stencil<\/title>\n<meta name=\"description\" content=\"Enhance functionality and aesthetics with control panels from Montreal Stencil. Customizable solutions for various industries and applications.\" \/>\n<meta name=\"robots\" content=\"index, follow, max-snippet:-1, max-image-preview:large, max-video-preview:-1\" \/>\n<link rel=\"canonical\" href=\"https:\/\/staging.montrealstencil.com\/en\/product\/panneaux-de-controle\/\" \/>\n<meta property=\"og:locale\" content=\"en_US\" \/>\n<meta property=\"og:type\" content=\"article\" \/>\n<meta property=\"og:title\" content=\"CONTROL PANELS - Montreal Stencil\" \/>\n<meta property=\"og:description\" content=\"Enhance functionality and aesthetics with control panels from Montreal Stencil. Customizable solutions for various industries and applications.\" \/>\n<meta property=\"og:url\" content=\"https:\/\/staging.montrealstencil.com\/en\/product\/panneaux-de-controle\/\" \/>\n<meta property=\"og:site_name\" content=\"Montreal Stencil\" \/>\n<meta property=\"article:publisher\" content=\"https:\/\/www.facebook.com\/montrealstencil\" \/>\n<meta property=\"article:modified_time\" content=\"2025-11-05T18:48:45+00:00\" \/>\n<meta property=\"og:image\" content=\"https:\/\/staging.montrealstencil.com\/wp-content\/uploads\/2018\/10\/metalphoto-control-panel-4-1.jpg\" \/>\n\t<meta property=\"og:image:width\" content=\"520\" \/>\n\t<meta property=\"og:image:height\" content=\"355\" \/>\n\t<meta property=\"og:image:type\" content=\"image\/jpeg\" \/>\n<meta name=\"twitter:card\" content=\"summary_large_image\" \/>\n<meta name=\"twitter:label1\" content=\"Est. reading time\" \/>\n\t<meta name=\"twitter:data1\" content=\"1 minute\" \/>\n<script type=\"application\/ld+json\" class=\"yoast-schema-graph\">{\"@context\":\"https:\\\/\\\/schema.org\",\"@graph\":[{\"@type\":\"WebPage\",\"@id\":\"https:\\\/\\\/staging.montrealstencil.com\\\/en\\\/product\\\/panneaux-de-controle\\\/\",\"url\":\"https:\\\/\\\/staging.montrealstencil.com\\\/en\\\/product\\\/panneaux-de-controle\\\/\",\"name\":\"CONTROL PANELS - Montreal Stencil\",\"isPartOf\":{\"@id\":\"https:\\\/\\\/staging.montrealstencil.com\\\/#website\"},\"primaryImageOfPage\":{\"@id\":\"https:\\\/\\\/staging.montrealstencil.com\\\/en\\\/product\\\/panneaux-de-controle\\\/#primaryimage\"},\"image\":{\"@id\":\"https:\\\/\\\/staging.montrealstencil.com\\\/en\\\/product\\\/panneaux-de-controle\\\/#primaryimage\"},\"thumbnailUrl\":\"https:\\\/\\\/staging.montrealstencil.com\\\/wp-content\\\/uploads\\\/2018\\\/10\\\/metalphoto-control-panel-4-1.jpg\",\"datePublished\":\"2018-10-07T18:00:40+00:00\",\"dateModified\":\"2025-11-05T18:48:45+00:00\",\"description\":\"Enhance functionality and aesthetics with control panels from Montreal Stencil. Customizable solutions for various industries and applications.\",\"breadcrumb\":{\"@id\":\"https:\\\/\\\/staging.montrealstencil.com\\\/en\\\/product\\\/panneaux-de-controle\\\/#breadcrumb\"},\"inLanguage\":\"en-CA\",\"potentialAction\":[{\"@type\":\"ReadAction\",\"target\":[\"https:\\\/\\\/staging.montrealstencil.com\\\/en\\\/product\\\/panneaux-de-controle\\\/\"]}]},{\"@type\":\"ImageObject\",\"inLanguage\":\"en-CA\",\"@id\":\"https:\\\/\\\/staging.montrealstencil.com\\\/en\\\/product\\\/panneaux-de-controle\\\/#primaryimage\",\"url\":\"https:\\\/\\\/staging.montrealstencil.com\\\/wp-content\\\/uploads\\\/2018\\\/10\\\/metalphoto-control-panel-4-1.jpg\",\"contentUrl\":\"https:\\\/\\\/staging.montrealstencil.com\\\/wp-content\\\/uploads\\\/2018\\\/10\\\/metalphoto-control-panel-4-1.jpg\",\"width\":520,\"height\":355},{\"@type\":\"BreadcrumbList\",\"@id\":\"https:\\\/\\\/staging.montrealstencil.com\\\/en\\\/product\\\/panneaux-de-controle\\\/#breadcrumb\",\"itemListElement\":[{\"@type\":\"ListItem\",\"position\":1,\"name\":\"Home\",\"item\":\"https:\\\/\\\/staging.montrealstencil.com\\\/en\\\/\"},{\"@type\":\"ListItem\",\"position\":2,\"name\":\"Produits\",\"item\":\"https:\\\/\\\/staging.montrealstencil.com\\\/boutique\\\/\"},{\"@type\":\"ListItem\",\"position\":3,\"name\":\"CONTROL PANELS\"}]},{\"@type\":\"WebSite\",\"@id\":\"https:\\\/\\\/staging.montrealstencil.com\\\/#website\",\"url\":\"https:\\\/\\\/staging.montrealstencil.com\\\/\",\"name\":\"Montreal Stencil\",\"description\":\"\u00c9tampes, plaques, pochoirs stencils et \u00e9tiquettes personnalis\u00e9es \u00e0 Montr\u00e9al\",\"potentialAction\":[{\"@type\":\"SearchAction\",\"target\":{\"@type\":\"EntryPoint\",\"urlTemplate\":\"https:\\\/\\\/staging.montrealstencil.com\\\/?s={search_term_string}\"},\"query-input\":{\"@type\":\"PropertyValueSpecification\",\"valueRequired\":true,\"valueName\":\"search_term_string\"}}],\"inLanguage\":\"en-CA\"}]}<\/script>\n<!-- \/ Yoast SEO plugin. -->","yoast_head_json":{"title":"CONTROL PANELS - Montreal Stencil","description":"Enhance functionality and aesthetics with control panels from Montreal Stencil. Customizable solutions for various industries and applications.","robots":{"index":"index","follow":"follow","max-snippet":"max-snippet:-1","max-image-preview":"max-image-preview:large","max-video-preview":"max-video-preview:-1"},"canonical":"https:\/\/staging.montrealstencil.com\/en\/product\/panneaux-de-controle\/","og_locale":"en_US","og_type":"article","og_title":"CONTROL PANELS - Montreal Stencil","og_description":"Enhance functionality and aesthetics with control panels from Montreal Stencil. Customizable solutions for various industries and applications.","og_url":"https:\/\/staging.montrealstencil.com\/en\/product\/panneaux-de-controle\/","og_site_name":"Montreal Stencil","article_publisher":"https:\/\/www.facebook.com\/montrealstencil","article_modified_time":"2025-11-05T18:48:45+00:00","og_image":[{"width":520,"height":355,"url":"https:\/\/staging.montrealstencil.com\/wp-content\/uploads\/2018\/10\/metalphoto-control-panel-4-1.jpg","type":"image\/jpeg"}],"twitter_card":"summary_large_image","twitter_misc":{"Est. reading time":"1 minute"},"schema":{"@context":"https:\/\/schema.org","@graph":[{"@type":"WebPage","@id":"https:\/\/staging.montrealstencil.com\/en\/product\/panneaux-de-controle\/","url":"https:\/\/staging.montrealstencil.com\/en\/product\/panneaux-de-controle\/","name":"CONTROL PANELS - Montreal Stencil","isPartOf":{"@id":"https:\/\/staging.montrealstencil.com\/#website"},"primaryImageOfPage":{"@id":"https:\/\/staging.montrealstencil.com\/en\/product\/panneaux-de-controle\/#primaryimage"},"image":{"@id":"https:\/\/staging.montrealstencil.com\/en\/product\/panneaux-de-controle\/#primaryimage"},"thumbnailUrl":"https:\/\/staging.montrealstencil.com\/wp-content\/uploads\/2018\/10\/metalphoto-control-panel-4-1.jpg","datePublished":"2018-10-07T18:00:40+00:00","dateModified":"2025-11-05T18:48:45+00:00","description":"Enhance functionality and aesthetics with control panels from Montreal Stencil. Customizable solutions for various industries and applications.","breadcrumb":{"@id":"https:\/\/staging.montrealstencil.com\/en\/product\/panneaux-de-controle\/#breadcrumb"},"inLanguage":"en-CA","potentialAction":[{"@type":"ReadAction","target":["https:\/\/staging.montrealstencil.com\/en\/product\/panneaux-de-controle\/"]}]},{"@type":"ImageObject","inLanguage":"en-CA","@id":"https:\/\/staging.montrealstencil.com\/en\/product\/panneaux-de-controle\/#primaryimage","url":"https:\/\/staging.montrealstencil.com\/wp-content\/uploads\/2018\/10\/metalphoto-control-panel-4-1.jpg","contentUrl":"https:\/\/staging.montrealstencil.com\/wp-content\/uploads\/2018\/10\/metalphoto-control-panel-4-1.jpg","width":520,"height":355},{"@type":"BreadcrumbList","@id":"https:\/\/staging.montrealstencil.com\/en\/product\/panneaux-de-controle\/#breadcrumb","itemListElement":[{"@type":"ListItem","position":1,"name":"Home","item":"https:\/\/staging.montrealstencil.com\/en\/"},{"@type":"ListItem","position":2,"name":"Produits","item":"https:\/\/staging.montrealstencil.com\/boutique\/"},{"@type":"ListItem","position":3,"name":"CONTROL PANELS"}]},{"@type":"WebSite","@id":"https:\/\/staging.montrealstencil.com\/#website","url":"https:\/\/staging.montrealstencil.com\/","name":"Montreal Stencil","description":"\u00c9tampes, plaques, pochoirs stencils et \u00e9tiquettes personnalis\u00e9es \u00e0 Montr\u00e9al","potentialAction":[{"@type":"SearchAction","target":{"@type":"EntryPoint","urlTemplate":"https:\/\/staging.montrealstencil.com\/?s={search_term_string}"},"query-input":{"@type":"PropertyValueSpecification","valueRequired":true,"valueName":"search_term_string"}}],"inLanguage":"en-CA"}]}},"_links":{"self":[{"href":"https:\/\/staging.montrealstencil.com\/en\/wp-json\/wp\/v2\/product\/4064","targetHints":{"allow":["GET"]}}],"collection":[{"href":"https:\/\/staging.montrealstencil.com\/en\/wp-json\/wp\/v2\/product"}],"about":[{"href":"https:\/\/staging.montrealstencil.com\/en\/wp-json\/wp\/v2\/types\/product"}],"wp:featuredmedia":[{"embeddable":true,"href":"https:\/\/staging.montrealstencil.com\/en\/wp-json\/wp\/v2\/media\/4664"}],"wp:attachment":[{"href":"https:\/\/staging.montrealstencil.com\/en\/wp-json\/wp\/v2\/media?parent=4064"}],"wp:term":[{"taxonomy":"product_cat","embeddable":true,"href":"https:\/\/staging.montrealstencil.com\/en\/wp-json\/wp\/v2\/product_cat?post=4064"},{"taxonomy":"product_mat","embeddable":true,"href":"https:\/\/staging.montrealstencil.com\/en\/wp-json\/wp\/v2\/product_mat?post=4064"}],"curies":[{"name":"wp","href":"https:\/\/api.w.org\/{rel}","templated":true}]}}