{"id":3733,"date":"2018-10-25T09:55:52","date_gmt":"2018-10-25T09:55:52","guid":{"rendered":"http:\/\/montreal-stencil.arkhame-web.com\/our-products\/"},"modified":"2025-12-02T13:16:04","modified_gmt":"2025-12-02T13:16:04","slug":"our-products","status":"publish","type":"page","link":"https:\/\/staging.montrealstencil.com\/en\/our-products\/","title":{"rendered":"Our products"},"content":{"rendered":"<div class=\"wpb-content-wrapper\"><p>[vc_row][vc_column][vc_column_text css=&#8221;&#8221;]Montreal Stencil offers a complete range of solutions for industrial signage, engraving, and marking. Here you will find stencils, stamps, plates, labels, and other products designed for clear and durable identification. Our teams work with aluminum, stainless steel, plastics, and rubber to achieve results tailored to your professional environment. You receive a solid, precise product for your workshop, warehouse, or commercial space.[\/vc_column_text][\/vc_column][\/vc_row]<\/p>\n<\/div>","protected":false},"excerpt":{"rendered":"<p>[vc_row][vc_column][vc_column_text css=&#8221;&#8221;]Montreal Stencil offers a complete range of solutions for industrial signage, engraving, and marking. Here you will find stencils, stamps, plates, labels, and other products designed for clear and durable identification. Our teams work with aluminum, stainless steel, plastics, and rubber to achieve results&#8230;<\/p>\n","protected":false},"author":1,"featured_media":0,"parent":0,"menu_order":0,"comment_status":"closed","ping_status":"closed","template":"template-listing-produits.php","meta":{"_acf_changed":false,"footnotes":""},"class_list":["post-3733","page","type-page","status-publish","hentry"],"acf":[],"yoast_head":"<!-- This site is optimized with the Yoast SEO plugin v27.4 - https:\/\/yoast.com\/product\/yoast-seo-wordpress\/ -->\n<title>Our products - Montreal Stencil<\/title>\n<meta name=\"description\" content=\"Discover the diverse range of products offered by Montreal Stencil. From engraving to printing, we provide high-quality solutions for various applications.\" \/>\n<meta name=\"robots\" content=\"index, follow, max-snippet:-1, max-image-preview:large, max-video-preview:-1\" \/>\n<link rel=\"canonical\" href=\"https:\/\/staging.montrealstencil.com\/en\/our-products\/\" \/>\n<meta property=\"og:locale\" content=\"en_US\" \/>\n<meta property=\"og:type\" content=\"article\" \/>\n<meta property=\"og:title\" content=\"Our products - Montreal Stencil\" \/>\n<meta property=\"og:description\" content=\"Discover the diverse range of products offered by Montreal Stencil. From engraving to printing, we provide high-quality solutions for various applications.\" \/>\n<meta property=\"og:url\" content=\"https:\/\/staging.montrealstencil.com\/en\/our-products\/\" \/>\n<meta property=\"og:site_name\" content=\"Montreal Stencil\" \/>\n<meta property=\"article:publisher\" content=\"https:\/\/www.facebook.com\/montrealstencil\" \/>\n<meta property=\"article:modified_time\" content=\"2025-12-02T13:16:04+00:00\" \/>\n<meta name=\"twitter:card\" content=\"summary_large_image\" \/>\n<meta name=\"twitter:label1\" content=\"Est. reading time\" \/>\n\t<meta name=\"twitter:data1\" content=\"1 minute\" \/>\n<script type=\"application\/ld+json\" class=\"yoast-schema-graph\">{\"@context\":\"https:\\\/\\\/schema.org\",\"@graph\":[{\"@type\":\"WebPage\",\"@id\":\"https:\\\/\\\/staging.montrealstencil.com\\\/en\\\/our-products\\\/\",\"url\":\"https:\\\/\\\/staging.montrealstencil.com\\\/en\\\/our-products\\\/\",\"name\":\"Our products - Montreal Stencil\",\"isPartOf\":{\"@id\":\"https:\\\/\\\/staging.montrealstencil.com\\\/#website\"},\"datePublished\":\"2018-10-25T09:55:52+00:00\",\"dateModified\":\"2025-12-02T13:16:04+00:00\",\"description\":\"Discover the diverse range of products offered by Montreal Stencil. From engraving to printing, we provide high-quality solutions for various applications.\",\"breadcrumb\":{\"@id\":\"https:\\\/\\\/staging.montrealstencil.com\\\/en\\\/our-products\\\/#breadcrumb\"},\"inLanguage\":\"en-CA\",\"potentialAction\":[{\"@type\":\"ReadAction\",\"target\":[\"https:\\\/\\\/staging.montrealstencil.com\\\/en\\\/our-products\\\/\"]}]},{\"@type\":\"BreadcrumbList\",\"@id\":\"https:\\\/\\\/staging.montrealstencil.com\\\/en\\\/our-products\\\/#breadcrumb\",\"itemListElement\":[{\"@type\":\"ListItem\",\"position\":1,\"name\":\"Home\",\"item\":\"https:\\\/\\\/staging.montrealstencil.com\\\/en\\\/\"},{\"@type\":\"ListItem\",\"position\":2,\"name\":\"Our products\"}]},{\"@type\":\"WebSite\",\"@id\":\"https:\\\/\\\/staging.montrealstencil.com\\\/#website\",\"url\":\"https:\\\/\\\/staging.montrealstencil.com\\\/\",\"name\":\"Montreal Stencil\",\"description\":\"\u00c9tampes, plaques, pochoirs stencils et \u00e9tiquettes personnalis\u00e9es \u00e0 Montr\u00e9al\",\"potentialAction\":[{\"@type\":\"SearchAction\",\"target\":{\"@type\":\"EntryPoint\",\"urlTemplate\":\"https:\\\/\\\/staging.montrealstencil.com\\\/?s={search_term_string}\"},\"query-input\":{\"@type\":\"PropertyValueSpecification\",\"valueRequired\":true,\"valueName\":\"search_term_string\"}}],\"inLanguage\":\"en-CA\"}]}<\/script>\n<!-- \/ Yoast SEO plugin. -->","yoast_head_json":{"title":"Our products - Montreal Stencil","description":"Discover the diverse range of products offered by Montreal Stencil. From engraving to printing, we provide high-quality solutions for various applications.","robots":{"index":"index","follow":"follow","max-snippet":"max-snippet:-1","max-image-preview":"max-image-preview:large","max-video-preview":"max-video-preview:-1"},"canonical":"https:\/\/staging.montrealstencil.com\/en\/our-products\/","og_locale":"en_US","og_type":"article","og_title":"Our products - Montreal Stencil","og_description":"Discover the diverse range of products offered by Montreal Stencil. From engraving to printing, we provide high-quality solutions for various applications.","og_url":"https:\/\/staging.montrealstencil.com\/en\/our-products\/","og_site_name":"Montreal Stencil","article_publisher":"https:\/\/www.facebook.com\/montrealstencil","article_modified_time":"2025-12-02T13:16:04+00:00","twitter_card":"summary_large_image","twitter_misc":{"Est. reading time":"1 minute"},"schema":{"@context":"https:\/\/schema.org","@graph":[{"@type":"WebPage","@id":"https:\/\/staging.montrealstencil.com\/en\/our-products\/","url":"https:\/\/staging.montrealstencil.com\/en\/our-products\/","name":"Our products - Montreal Stencil","isPartOf":{"@id":"https:\/\/staging.montrealstencil.com\/#website"},"datePublished":"2018-10-25T09:55:52+00:00","dateModified":"2025-12-02T13:16:04+00:00","description":"Discover the diverse range of products offered by Montreal Stencil. From engraving to printing, we provide high-quality solutions for various applications.","breadcrumb":{"@id":"https:\/\/staging.montrealstencil.com\/en\/our-products\/#breadcrumb"},"inLanguage":"en-CA","potentialAction":[{"@type":"ReadAction","target":["https:\/\/staging.montrealstencil.com\/en\/our-products\/"]}]},{"@type":"BreadcrumbList","@id":"https:\/\/staging.montrealstencil.com\/en\/our-products\/#breadcrumb","itemListElement":[{"@type":"ListItem","position":1,"name":"Home","item":"https:\/\/staging.montrealstencil.com\/en\/"},{"@type":"ListItem","position":2,"name":"Our products"}]},{"@type":"WebSite","@id":"https:\/\/staging.montrealstencil.com\/#website","url":"https:\/\/staging.montrealstencil.com\/","name":"Montreal Stencil","description":"\u00c9tampes, plaques, pochoirs stencils et \u00e9tiquettes personnalis\u00e9es \u00e0 Montr\u00e9al","potentialAction":[{"@type":"SearchAction","target":{"@type":"EntryPoint","urlTemplate":"https:\/\/staging.montrealstencil.com\/?s={search_term_string}"},"query-input":{"@type":"PropertyValueSpecification","valueRequired":true,"valueName":"search_term_string"}}],"inLanguage":"en-CA"}]}},"_links":{"self":[{"href":"https:\/\/staging.montrealstencil.com\/en\/wp-json\/wp\/v2\/pages\/3733","targetHints":{"allow":["GET"]}}],"collection":[{"href":"https:\/\/staging.montrealstencil.com\/en\/wp-json\/wp\/v2\/pages"}],"about":[{"href":"https:\/\/staging.montrealstencil.com\/en\/wp-json\/wp\/v2\/types\/page"}],"author":[{"embeddable":true,"href":"https:\/\/staging.montrealstencil.com\/en\/wp-json\/wp\/v2\/users\/1"}],"replies":[{"embeddable":true,"href":"https:\/\/staging.montrealstencil.com\/en\/wp-json\/wp\/v2\/comments?post=3733"}],"version-history":[{"count":3,"href":"https:\/\/staging.montrealstencil.com\/en\/wp-json\/wp\/v2\/pages\/3733\/revisions"}],"predecessor-version":[{"id":5791,"href":"https:\/\/staging.montrealstencil.com\/en\/wp-json\/wp\/v2\/pages\/3733\/revisions\/5791"}],"wp:attachment":[{"href":"https:\/\/staging.montrealstencil.com\/en\/wp-json\/wp\/v2\/media?parent=3733"}],"curies":[{"name":"wp","href":"https:\/\/api.w.org\/{rel}","templated":true}]}}